{"id":1411,"date":"2024-11-29T20:19:07","date_gmt":"2024-11-29T23:19:07","guid":{"rendered":"https:\/\/zns.ptf.mybluehost.me\/quattrus\/ecommerce\/?post_type=product&#038;p=1411"},"modified":"2025-07-15T09:55:37","modified_gmt":"2025-07-15T12:55:37","slug":"growth","status":"publish","type":"product","link":"https:\/\/www.quattrus.com\/ecommerce\/product\/growth\/","title":{"rendered":"Growth"},"content":{"rendered":"<p>Acesse as melhores ferramentas de gest\u00e3o do mercado, atrav\u00e9s da nossa suite! Voc\u00ea precisa de melhores resultados esse pacote \u00e9 para voc\u00ea!<\/p>\n<p>Voc\u00ea ir\u00e1 ter acesso as seguintes ferramentas:<\/p>\n<ul>\n<li><strong>Conexa:<\/strong> Gest\u00e3o da estrat\u00e9gia<\/li>\n<li><strong>Gestiona:<\/strong> Gest\u00e3o de indicadores (KPIs de resultados)<\/li>\n<li><strong>B\u00f4nus:<\/strong> Remunera\u00e7\u00e3o v\u00e1ri\u00e1vel<\/li>\n<li><strong>Monitor:<\/strong> Monitoramento de processos<\/li>\n<li><strong>Project:<\/strong> Portif\u00f3lio de projetos estrat\u00e9gicos<\/li>\n<\/ul>\n","protected":false},"excerpt":{"rendered":"<p>Acesse as melhores ferramentas de gest\u00e3o do mercado, atrav\u00e9s da nossa suite! Voc\u00ea precisa de melhores resultados esse pacote \u00e9 para voc\u00ea!<\/p>\n<p>Voc\u00ea ir\u00e1 ter acesso as seguintes ferramentas:<\/p>\n<ul>\n<li><strong>Conexa:<\/strong> Gest\u00e3o da estrat\u00e9gia<\/li>\n<li><strong>Gestiona:<\/strong> Gest\u00e3o de indicadores (KPIs de resultados)<\/li>\n<li><strong>B\u00f4nus:<\/strong> Remunera\u00e7\u00e3o v\u00e1ri\u00e1vel<\/li>\n<li><strong>Monitor:<\/strong> Monitoramento de processos<\/li>\n<li><strong>Project:<\/strong> Portif\u00f3lio de projetos estrat\u00e9gicos<\/li>\n<\/ul>\n","protected":false},"featured_media":1395,"template":"","meta":{"nf_dc_page":"","site-sidebar-layout":"default","site-content-layout":"","ast-site-content-layout":"default","site-content-style":"default","site-sidebar-style":"default","ast-global-header-display":"","ast-banner-title-visibility":"","ast-main-header-display":"","ast-hfb-above-header-display":"","ast-hfb-below-header-display":"","ast-hfb-mobile-header-display":"","site-post-title":"","ast-breadcrumbs-content":"","ast-featured-img":"","footer-sml-layout":"","ast-disable-related-posts":"","theme-transparent-header-meta":"default","adv-header-id-meta":"","stick-header-meta":"","header-above-stick-meta":"","header-main-stick-meta":"","header-below-stick-meta":"","astra-migrate-meta-layouts":"set","ast-page-background-enabled":"default","ast-page-background-meta":{"desktop":{"background-color":"var(--ast-global-color-4)","background-image":"","background-repeat":"repeat","background-position":"center center","background-size":"auto","background-attachment":"scroll","background-type":"","background-media":"","overlay-type":"","overlay-color":"","overlay-opacity":"","overlay-gradient":""},"tablet":{"background-color":"","background-image":"","background-repeat":"repeat","background-position":"center center","background-size":"auto","background-attachment":"scroll","background-type":"","background-media":"","overlay-type":"","overlay-color":"","overlay-opacity":"","overlay-gradient":""},"mobile":{"background-color":"","background-image":"","background-repeat":"repeat","background-position":"center center","background-size":"auto","background-attachment":"scroll","background-type":"","background-media":"","overlay-type":"","overlay-color":"","overlay-opacity":"","overlay-gradient":""}},"ast-content-background-meta":{"desktop":{"background-color":"var(--ast-global-color-5)","background-image":"","background-repeat":"repeat","background-position":"center center","background-size":"auto","background-attachment":"scroll","background-type":"","background-media":"","overlay-type":"","overlay-color":"","overlay-opacity":"","overlay-gradient":""},"tablet":{"background-color":"var(--ast-global-color-5)","background-image":"","background-repeat":"repeat","background-position":"center center","background-size":"auto","background-attachment":"scroll","background-type":"","background-media":"","overlay-type":"","overlay-color":"","overlay-opacity":"","overlay-gradient":""},"mobile":{"background-color":"var(--ast-global-color-5)","background-image":"","background-repeat":"repeat","background-position":"center center","background-size":"auto","background-attachment":"scroll","background-type":"","background-media":"","overlay-type":"","overlay-color":"","overlay-opacity":"","overlay-gradient":""}}},"product_brand":[],"product_cat":[34],"product_tag":[],"class_list":{"0":"post-1411","1":"product","2":"type-product","3":"status-publish","4":"has-post-thumbnail","6":"product_cat-suite","7":"desktop-align-left","8":"tablet-align-left","9":"mobile-align-left","11":"first","12":"instock","13":"virtual","14":"purchasable","15":"product-type-simple"},"_links":{"self":[{"href":"https:\/\/www.quattrus.com\/ecommerce\/wp-json\/wp\/v2\/product\/1411","targetHints":{"allow":["GET"]}}],"collection":[{"href":"https:\/\/www.quattrus.com\/ecommerce\/wp-json\/wp\/v2\/product"}],"about":[{"href":"https:\/\/www.quattrus.com\/ecommerce\/wp-json\/wp\/v2\/types\/product"}],"wp:featuredmedia":[{"embeddable":true,"href":"https:\/\/www.quattrus.com\/ecommerce\/wp-json\/wp\/v2\/media\/1395"}],"wp:attachment":[{"href":"https:\/\/www.quattrus.com\/ecommerce\/wp-json\/wp\/v2\/media?parent=1411"}],"wp:term":[{"taxonomy":"product_brand","embeddable":true,"href":"https:\/\/www.quattrus.com\/ecommerce\/wp-json\/wp\/v2\/product_brand?post=1411"},{"taxonomy":"product_cat","embeddable":true,"href":"https:\/\/www.quattrus.com\/ecommerce\/wp-json\/wp\/v2\/product_cat?post=1411"},{"taxonomy":"product_tag","embeddable":true,"href":"https:\/\/www.quattrus.com\/ecommerce\/wp-json\/wp\/v2\/product_tag?post=1411"}],"curies":[{"name":"wp","href":"https:\/\/api.w.org\/{rel}","templated":true}]}}