{"id":2243,"date":"2025-04-11T14:28:48","date_gmt":"2025-04-11T17:28:48","guid":{"rendered":"https:\/\/www.quattrus.com\/ecommerce\/?post_type=product&#038;p=2243"},"modified":"2025-12-09T19:40:13","modified_gmt":"2025-12-09T22:40:13","slug":"qualidade-em-acao-fundamentos-para-a-gestao-eficaz","status":"publish","type":"product","link":"https:\/\/www.quattrus.com\/ecommerce\/product\/qualidade-em-acao-fundamentos-para-a-gestao-eficaz\/","title":{"rendered":"Qualidade em A\u00e7\u00e3o: Fundamentos para a Gest\u00e3o Eficaz"},"content":{"rendered":"<p id=\"yui_3_18_1_1_1744391910986_1094\" dir=\"ltr\">Este curso aborda os princ\u00edpios essenciais da gest\u00e3o da qualidade, explorando como garantir a satisfa\u00e7\u00e3o do cliente por meio de desempenho, custo e entrega adequados.<br \/>\nCom foco no ciclo PDCA, voc\u00ea aprender\u00e1 a implementar melhorias cont\u00ednuas e a aproveitar cada &#8220;momento da verdade&#8221; com o cliente.<\/p>\n<p id=\"yui_3_18_1_1_1744391910986_1081\" dir=\"ltr\"><strong>INVESTIMENTO:\u00a0<span class=\"\">R$199,90<\/span><\/strong><\/p>\n","protected":false},"excerpt":{"rendered":"<p id=\"yui_3_18_1_1_1744391910986_1094\" dir=\"ltr\">Este curso aborda os princ\u00edpios essenciais da gest\u00e3o da qualidade, explorando como garantir a satisfa\u00e7\u00e3o do cliente por meio de desempenho, custo e entrega adequados.<br \/>\nCom foco no ciclo PDCA, voc\u00ea aprender\u00e1 a implementar melhorias cont\u00ednuas e a aproveitar cada &#8220;momento da verdade&#8221; com o cliente.<\/p>\n<p id=\"yui_3_18_1_1_1744391910986_1081\" dir=\"ltr\"><strong>INVESTIMENTO:\u00a0<span class=\"\">R$199,90<\/span><\/strong><\/p>\n","protected":false},"featured_media":3840,"template":"","meta":{"nf_dc_page":"","site-sidebar-layout":"default","site-content-layout":"","ast-site-content-layout":"default","site-content-style":"default","site-sidebar-style":"default","ast-global-header-display":"","ast-banner-title-visibility":"","ast-main-header-display":"","ast-hfb-above-header-display":"","ast-hfb-below-header-display":"","ast-hfb-mobile-header-display":"","site-post-title":"","ast-breadcrumbs-content":"","ast-featured-img":"","footer-sml-layout":"","ast-disable-related-posts":"","theme-transparent-header-meta":"default","adv-header-id-meta":"","stick-header-meta":"","header-above-stick-meta":"","header-main-stick-meta":"","header-below-stick-meta":"","astra-migrate-meta-layouts":"set","ast-page-background-enabled":"default","ast-page-background-meta":{"desktop":{"background-color":"var(--ast-global-color-4)","background-image":"","background-repeat":"repeat","background-position":"center center","background-size":"auto","background-attachment":"scroll","background-type":"","background-media":"","overlay-type":"","overlay-color":"","overlay-opacity":"","overlay-gradient":""},"tablet":{"background-color":"","background-image":"","background-repeat":"repeat","background-position":"center center","background-size":"auto","background-attachment":"scroll","background-type":"","background-media":"","overlay-type":"","overlay-color":"","overlay-opacity":"","overlay-gradient":""},"mobile":{"background-color":"","background-image":"","background-repeat":"repeat","background-position":"center center","background-size":"auto","background-attachment":"scroll","background-type":"","background-media":"","overlay-type":"","overlay-color":"","overlay-opacity":"","overlay-gradient":""}},"ast-content-background-meta":{"desktop":{"background-color":"var(--ast-global-color-5)","background-image":"","background-repeat":"repeat","background-position":"center center","background-size":"auto","background-attachment":"scroll","background-type":"","background-media":"","overlay-type":"","overlay-color":"","overlay-opacity":"","overlay-gradient":""},"tablet":{"background-color":"var(--ast-global-color-5)","background-image":"","background-repeat":"repeat","background-position":"center center","background-size":"auto","background-attachment":"scroll","background-type":"","background-media":"","overlay-type":"","overlay-color":"","overlay-opacity":"","overlay-gradient":""},"mobile":{"background-color":"var(--ast-global-color-5)","background-image":"","background-repeat":"repeat","background-position":"center center","background-size":"auto","background-attachment":"scroll","background-type":"","background-media":"","overlay-type":"","overlay-color":"","overlay-opacity":"","overlay-gradient":""}}},"product_brand":[],"product_cat":[44],"product_tag":[],"class_list":{"0":"post-2243","1":"product","2":"type-product","3":"status-publish","4":"has-post-thumbnail","6":"product_cat-cursos","7":"desktop-align-left","8":"tablet-align-left","9":"mobile-align-left","11":"first","12":"instock","13":"virtual","14":"purchasable","15":"product-type-simple"},"_links":{"self":[{"href":"https:\/\/www.quattrus.com\/ecommerce\/wp-json\/wp\/v2\/product\/2243","targetHints":{"allow":["GET"]}}],"collection":[{"href":"https:\/\/www.quattrus.com\/ecommerce\/wp-json\/wp\/v2\/product"}],"about":[{"href":"https:\/\/www.quattrus.com\/ecommerce\/wp-json\/wp\/v2\/types\/product"}],"wp:featuredmedia":[{"embeddable":true,"href":"https:\/\/www.quattrus.com\/ecommerce\/wp-json\/wp\/v2\/media\/3840"}],"wp:attachment":[{"href":"https:\/\/www.quattrus.com\/ecommerce\/wp-json\/wp\/v2\/media?parent=2243"}],"wp:term":[{"taxonomy":"product_brand","embeddable":true,"href":"https:\/\/www.quattrus.com\/ecommerce\/wp-json\/wp\/v2\/product_brand?post=2243"},{"taxonomy":"product_cat","embeddable":true,"href":"https:\/\/www.quattrus.com\/ecommerce\/wp-json\/wp\/v2\/product_cat?post=2243"},{"taxonomy":"product_tag","embeddable":true,"href":"https:\/\/www.quattrus.com\/ecommerce\/wp-json\/wp\/v2\/product_tag?post=2243"}],"curies":[{"name":"wp","href":"https:\/\/api.w.org\/{rel}","templated":true}]}}