{"id":2245,"date":"2025-04-11T14:46:55","date_gmt":"2025-04-11T17:46:55","guid":{"rendered":"https:\/\/www.quattrus.com\/ecommerce\/?post_type=product&#038;p=2245"},"modified":"2025-12-09T19:40:13","modified_gmt":"2025-12-09T22:40:13","slug":"pdca-na-pratica-estrategias-e-praticas-para-resultados-sustentaveis","status":"publish","type":"product","link":"https:\/\/www.quattrus.com\/ecommerce\/product\/pdca-na-pratica-estrategias-e-praticas-para-resultados-sustentaveis\/","title":{"rendered":"PDCA na Pr\u00e1tica:  Estrat\u00e9gias e pr\u00e1ticas para resultados sustent\u00e1veis"},"content":{"rendered":"<p><span style=\"font-weight: 400;\">Se voc\u00ea j\u00e1 ouviu falar de PDCA, mas sente dificuldade em aplicar o m\u00e9todo de forma consistente no dia a dia, este curso \u00e9 pra voc\u00ea. Aqui, a teoria ganha forma em processos reais, com exemplos e ferramentas que te ajudam a transformar desafios em resultados reais.<\/span><\/p>\n<p><span style=\"font-weight: 400;\">Voc\u00ea vai aprender a identificar problemas com precis\u00e3o, detalhar objetivos, planejar a\u00e7\u00f5es corretivas e preventivas, executar com foco, e principalmente: acompanhar os resultados usando um m\u00e9todo que mostre de forma clara o que est\u00e1 funcionando bem e o que precisa ser ajustado.<\/span><\/p>\n<p><span style=\"font-weight: 400;\">Mais do que apenas realizar tarefas, voc\u00ea vai aprender habilidades essenciais para gerenciar seus processos de forma eficiente. Al\u00e9m disso, vai entender como o ciclo PDCA pode ajudar a manter a estabilidade, aumentar a efici\u00eancia e alcan\u00e7ar resultados sustent\u00e1veis.<\/span><\/p>\n","protected":false},"excerpt":{"rendered":"<p id=\"yui_3_18_1_1_1744393496487_1061\" dir=\"ltr\">Aprenda a colocar o PDCA em pr\u00e1tica para manter a rotina com estabilidade nos resultados, aplicando a\u00e7\u00f5es corretivas e preventivas, e utilizar relat\u00f3rios para acompanhar e evoluir as melhorias continuamente.<\/p>\n","protected":false},"featured_media":3838,"template":"","meta":{"nf_dc_page":"","site-sidebar-layout":"default","site-content-layout":"","ast-site-content-layout":"default","site-content-style":"default","site-sidebar-style":"default","ast-global-header-display":"","ast-banner-title-visibility":"","ast-main-header-display":"","ast-hfb-above-header-display":"","ast-hfb-below-header-display":"","ast-hfb-mobile-header-display":"","site-post-title":"","ast-breadcrumbs-content":"","ast-featured-img":"","footer-sml-layout":"","ast-disable-related-posts":"","theme-transparent-header-meta":"default","adv-header-id-meta":"","stick-header-meta":"","header-above-stick-meta":"","header-main-stick-meta":"","header-below-stick-meta":"","astra-migrate-meta-layouts":"set","ast-page-background-enabled":"default","ast-page-background-meta":{"desktop":{"background-color":"var(--ast-global-color-4)","background-image":"","background-repeat":"repeat","background-position":"center center","background-size":"auto","background-attachment":"scroll","background-type":"","background-media":"","overlay-type":"","overlay-color":"","overlay-opacity":"","overlay-gradient":""},"tablet":{"background-color":"","background-image":"","background-repeat":"repeat","background-position":"center center","background-size":"auto","background-attachment":"scroll","background-type":"","background-media":"","overlay-type":"","overlay-color":"","overlay-opacity":"","overlay-gradient":""},"mobile":{"background-color":"","background-image":"","background-repeat":"repeat","background-position":"center center","background-size":"auto","background-attachment":"scroll","background-type":"","background-media":"","overlay-type":"","overlay-color":"","overlay-opacity":"","overlay-gradient":""}},"ast-content-background-meta":{"desktop":{"background-color":"var(--ast-global-color-5)","background-image":"","background-repeat":"repeat","background-position":"center center","background-size":"auto","background-attachment":"scroll","background-type":"","background-media":"","overlay-type":"","overlay-color":"","overlay-opacity":"","overlay-gradient":""},"tablet":{"background-color":"var(--ast-global-color-5)","background-image":"","background-repeat":"repeat","background-position":"center center","background-size":"auto","background-attachment":"scroll","background-type":"","background-media":"","overlay-type":"","overlay-color":"","overlay-opacity":"","overlay-gradient":""},"mobile":{"background-color":"var(--ast-global-color-5)","background-image":"","background-repeat":"repeat","background-position":"center center","background-size":"auto","background-attachment":"scroll","background-type":"","background-media":"","overlay-type":"","overlay-color":"","overlay-opacity":"","overlay-gradient":""}}},"product_brand":[],"product_cat":[44],"product_tag":[],"class_list":{"0":"post-2245","1":"product","2":"type-product","3":"status-publish","4":"has-post-thumbnail","6":"product_cat-cursos","7":"desktop-align-left","8":"tablet-align-left","9":"mobile-align-left","11":"first","12":"instock","13":"virtual","14":"purchasable","15":"product-type-simple"},"_links":{"self":[{"href":"https:\/\/www.quattrus.com\/ecommerce\/wp-json\/wp\/v2\/product\/2245","targetHints":{"allow":["GET"]}}],"collection":[{"href":"https:\/\/www.quattrus.com\/ecommerce\/wp-json\/wp\/v2\/product"}],"about":[{"href":"https:\/\/www.quattrus.com\/ecommerce\/wp-json\/wp\/v2\/types\/product"}],"wp:featuredmedia":[{"embeddable":true,"href":"https:\/\/www.quattrus.com\/ecommerce\/wp-json\/wp\/v2\/media\/3838"}],"wp:attachment":[{"href":"https:\/\/www.quattrus.com\/ecommerce\/wp-json\/wp\/v2\/media?parent=2245"}],"wp:term":[{"taxonomy":"product_brand","embeddable":true,"href":"https:\/\/www.quattrus.com\/ecommerce\/wp-json\/wp\/v2\/product_brand?post=2245"},{"taxonomy":"product_cat","embeddable":true,"href":"https:\/\/www.quattrus.com\/ecommerce\/wp-json\/wp\/v2\/product_cat?post=2245"},{"taxonomy":"product_tag","embeddable":true,"href":"https:\/\/www.quattrus.com\/ecommerce\/wp-json\/wp\/v2\/product_tag?post=2245"}],"curies":[{"name":"wp","href":"https:\/\/api.w.org\/{rel}","templated":true}]}}