{"id":2246,"date":"2025-04-11T14:50:00","date_gmt":"2025-04-11T17:50:00","guid":{"rendered":"https:\/\/www.quattrus.com\/ecommerce\/?post_type=product&#038;p=2246"},"modified":"2025-12-09T19:40:12","modified_gmt":"2025-12-09T22:40:12","slug":"gestao-de-indicadores-masterclass-para-lideres-modernos","status":"publish","type":"product","link":"https:\/\/www.quattrus.com\/ecommerce\/product\/gestao-de-indicadores-masterclass-para-lideres-modernos\/","title":{"rendered":"Gest\u00e3o de  Indicadores:  Masterclass para  L\u00edderes Modernos"},"content":{"rendered":"<p id=\"yui_3_18_1_1_1744393653596_1064\" dir=\"ltr\">A gest\u00e3o de indicadores \u00e9 essencial para l\u00edderes modernos, envolvendo a de itens de controle e a aplica\u00e7\u00e3o do PDCA. Al\u00e9m disso, a produtividade nos neg\u00f3cios e a an\u00e1lise de dados s\u00e3o cruciais para alcan\u00e7ar resultados sustent\u00e1veis.<\/p>\n<p dir=\"ltr\">Com essas pr\u00e1ticas, voc\u00ea estar\u00e1 bem equipado para liderar com efic\u00e1cia e alcan\u00e7ar resultados sustent\u00e1veis.<\/p>\n<p dir=\"ltr\"><strong>INVESTIMENTO:\u00a0<span class=\"\">R$199,00<\/span><\/strong><\/p>\n","protected":false},"excerpt":{"rendered":"<p id=\"yui_3_18_1_1_1744393653596_1064\" dir=\"ltr\">A gest\u00e3o de indicadores \u00e9 essencial para l\u00edderes modernos, envolvendo a de itens de controle e a aplica\u00e7\u00e3o do PDCA. Al\u00e9m disso, a produtividade nos neg\u00f3cios e a an\u00e1lise de dados s\u00e3o cruciais para alcan\u00e7ar resultados sustent\u00e1veis.<\/p>\n<p dir=\"ltr\">Com essas pr\u00e1ticas, voc\u00ea estar\u00e1 bem equipado para liderar com efic\u00e1cia e alcan\u00e7ar resultados sustent\u00e1veis.<\/p>\n<p dir=\"ltr\"><strong>INVESTIMENTO:\u00a0<span class=\"\">R$199,00<\/span><\/strong><\/p>\n","protected":false},"featured_media":3841,"template":"","meta":{"nf_dc_page":"","site-sidebar-layout":"default","site-content-layout":"","ast-site-content-layout":"default","site-content-style":"default","site-sidebar-style":"default","ast-global-header-display":"","ast-banner-title-visibility":"","ast-main-header-display":"","ast-hfb-above-header-display":"","ast-hfb-below-header-display":"","ast-hfb-mobile-header-display":"","site-post-title":"","ast-breadcrumbs-content":"","ast-featured-img":"","footer-sml-layout":"","ast-disable-related-posts":"","theme-transparent-header-meta":"default","adv-header-id-meta":"","stick-header-meta":"","header-above-stick-meta":"","header-main-stick-meta":"","header-below-stick-meta":"","astra-migrate-meta-layouts":"set","ast-page-background-enabled":"default","ast-page-background-meta":{"desktop":{"background-color":"var(--ast-global-color-4)","background-image":"","background-repeat":"repeat","background-position":"center center","background-size":"auto","background-attachment":"scroll","background-type":"","background-media":"","overlay-type":"","overlay-color":"","overlay-opacity":"","overlay-gradient":""},"tablet":{"background-color":"","background-image":"","background-repeat":"repeat","background-position":"center center","background-size":"auto","background-attachment":"scroll","background-type":"","background-media":"","overlay-type":"","overlay-color":"","overlay-opacity":"","overlay-gradient":""},"mobile":{"background-color":"","background-image":"","background-repeat":"repeat","background-position":"center center","background-size":"auto","background-attachment":"scroll","background-type":"","background-media":"","overlay-type":"","overlay-color":"","overlay-opacity":"","overlay-gradient":""}},"ast-content-background-meta":{"desktop":{"background-color":"var(--ast-global-color-5)","background-image":"","background-repeat":"repeat","background-position":"center center","background-size":"auto","background-attachment":"scroll","background-type":"","background-media":"","overlay-type":"","overlay-color":"","overlay-opacity":"","overlay-gradient":""},"tablet":{"background-color":"var(--ast-global-color-5)","background-image":"","background-repeat":"repeat","background-position":"center center","background-size":"auto","background-attachment":"scroll","background-type":"","background-media":"","overlay-type":"","overlay-color":"","overlay-opacity":"","overlay-gradient":""},"mobile":{"background-color":"var(--ast-global-color-5)","background-image":"","background-repeat":"repeat","background-position":"center center","background-size":"auto","background-attachment":"scroll","background-type":"","background-media":"","overlay-type":"","overlay-color":"","overlay-opacity":"","overlay-gradient":""}}},"product_brand":[],"product_cat":[44],"product_tag":[],"class_list":{"0":"post-2246","1":"product","2":"type-product","3":"status-publish","4":"has-post-thumbnail","6":"product_cat-cursos","7":"desktop-align-left","8":"tablet-align-left","9":"mobile-align-left","11":"first","12":"instock","13":"virtual","14":"purchasable","15":"product-type-simple"},"_links":{"self":[{"href":"https:\/\/www.quattrus.com\/ecommerce\/wp-json\/wp\/v2\/product\/2246","targetHints":{"allow":["GET"]}}],"collection":[{"href":"https:\/\/www.quattrus.com\/ecommerce\/wp-json\/wp\/v2\/product"}],"about":[{"href":"https:\/\/www.quattrus.com\/ecommerce\/wp-json\/wp\/v2\/types\/product"}],"wp:featuredmedia":[{"embeddable":true,"href":"https:\/\/www.quattrus.com\/ecommerce\/wp-json\/wp\/v2\/media\/3841"}],"wp:attachment":[{"href":"https:\/\/www.quattrus.com\/ecommerce\/wp-json\/wp\/v2\/media?parent=2246"}],"wp:term":[{"taxonomy":"product_brand","embeddable":true,"href":"https:\/\/www.quattrus.com\/ecommerce\/wp-json\/wp\/v2\/product_brand?post=2246"},{"taxonomy":"product_cat","embeddable":true,"href":"https:\/\/www.quattrus.com\/ecommerce\/wp-json\/wp\/v2\/product_cat?post=2246"},{"taxonomy":"product_tag","embeddable":true,"href":"https:\/\/www.quattrus.com\/ecommerce\/wp-json\/wp\/v2\/product_tag?post=2246"}],"curies":[{"name":"wp","href":"https:\/\/api.w.org\/{rel}","templated":true}]}}