{"id":2249,"date":"2025-04-11T14:56:28","date_gmt":"2025-04-11T17:56:28","guid":{"rendered":"https:\/\/www.quattrus.com\/ecommerce\/?post_type=product&#038;p=2249"},"modified":"2025-04-11T16:22:23","modified_gmt":"2025-04-11T19:22:23","slug":"gestion-de-indicadores-en-la-practica","status":"publish","type":"product","link":"https:\/\/www.quattrus.com\/ecommerce\/product\/gestion-de-indicadores-en-la-practica\/","title":{"rendered":"Gesti\u00f3n de Indicadores en la Pr\u00e1ctica"},"content":{"rendered":"<p id=\"yui_3_18_1_1_1744394095783_1076\" dir=\"ltr\">Gestiona permite la medici\u00f3n, an\u00e1lisis y planificaci\u00f3n de indicadores.<\/p>\n<p dir=\"ltr\">Este seguimiento es fundamental para optimizar procesos, facilitar la consecuci\u00f3n de metas y proporcionar una cultura de alto desempe\u00f1o.<\/p>\n<p dir=\"ltr\">En este curso tendr\u00e1s una visi\u00f3n general de las principales caracter\u00edsticas que ofrece Gestiona para empezar a utilizarlo.<\/p>\n<p dir=\"ltr\"><strong>INVESTIMENTO:\u00a0<span class=\"\">R$299,90<\/span><\/strong><\/p>\n","protected":false},"excerpt":{"rendered":"<p id=\"yui_3_18_1_1_1744394095783_1076\" dir=\"ltr\">Gestiona permite la medici\u00f3n, an\u00e1lisis y planificaci\u00f3n de indicadores.<\/p>\n<p dir=\"ltr\">Este seguimiento es fundamental para optimizar procesos, facilitar la consecuci\u00f3n de metas y proporcionar una cultura de alto desempe\u00f1o.<\/p>\n<p dir=\"ltr\">En este curso tendr\u00e1s una visi\u00f3n general de las principales caracter\u00edsticas que ofrece Gestiona para empezar a utilizarlo.<\/p>\n<p dir=\"ltr\"><strong>INVESTIMENTO:\u00a0<span class=\"\">R$299,90<\/span><\/strong><\/p>\n","protected":false},"featured_media":0,"template":"","meta":{"nf_dc_page":"","site-sidebar-layout":"default","site-content-layout":"","ast-site-content-layout":"default","site-content-style":"default","site-sidebar-style":"default","ast-global-header-display":"","ast-banner-title-visibility":"","ast-main-header-display":"","ast-hfb-above-header-display":"","ast-hfb-below-header-display":"","ast-hfb-mobile-header-display":"","site-post-title":"","ast-breadcrumbs-content":"","ast-featured-img":"","footer-sml-layout":"","ast-disable-related-posts":"","theme-transparent-header-meta":"default","adv-header-id-meta":"","stick-header-meta":"","header-above-stick-meta":"","header-main-stick-meta":"","header-below-stick-meta":"","astra-migrate-meta-layouts":"set","ast-page-background-enabled":"default","ast-page-background-meta":{"desktop":{"background-color":"var(--ast-global-color-4)","background-image":"","background-repeat":"repeat","background-position":"center center","background-size":"auto","background-attachment":"scroll","background-type":"","background-media":"","overlay-type":"","overlay-color":"","overlay-opacity":"","overlay-gradient":""},"tablet":{"background-color":"","background-image":"","background-repeat":"repeat","background-position":"center center","background-size":"auto","background-attachment":"scroll","background-type":"","background-media":"","overlay-type":"","overlay-color":"","overlay-opacity":"","overlay-gradient":""},"mobile":{"background-color":"","background-image":"","background-repeat":"repeat","background-position":"center center","background-size":"auto","background-attachment":"scroll","background-type":"","background-media":"","overlay-type":"","overlay-color":"","overlay-opacity":"","overlay-gradient":""}},"ast-content-background-meta":{"desktop":{"background-color":"var(--ast-global-color-5)","background-image":"","background-repeat":"repeat","background-position":"center center","background-size":"auto","background-attachment":"scroll","background-type":"","background-media":"","overlay-type":"","overlay-color":"","overlay-opacity":"","overlay-gradient":""},"tablet":{"background-color":"var(--ast-global-color-5)","background-image":"","background-repeat":"repeat","background-position":"center center","background-size":"auto","background-attachment":"scroll","background-type":"","background-media":"","overlay-type":"","overlay-color":"","overlay-opacity":"","overlay-gradient":""},"mobile":{"background-color":"var(--ast-global-color-5)","background-image":"","background-repeat":"repeat","background-position":"center center","background-size":"auto","background-attachment":"scroll","background-type":"","background-media":"","overlay-type":"","overlay-color":"","overlay-opacity":"","overlay-gradient":""}}},"product_brand":[],"product_cat":[44],"product_tag":[],"class_list":{"0":"post-2249","1":"product","2":"type-product","3":"status-publish","5":"product_cat-cursos","6":"desktop-align-left","7":"tablet-align-left","8":"mobile-align-left","10":"first","11":"instock","12":"virtual","13":"purchasable","14":"product-type-simple"},"_links":{"self":[{"href":"https:\/\/www.quattrus.com\/ecommerce\/wp-json\/wp\/v2\/product\/2249","targetHints":{"allow":["GET"]}}],"collection":[{"href":"https:\/\/www.quattrus.com\/ecommerce\/wp-json\/wp\/v2\/product"}],"about":[{"href":"https:\/\/www.quattrus.com\/ecommerce\/wp-json\/wp\/v2\/types\/product"}],"wp:attachment":[{"href":"https:\/\/www.quattrus.com\/ecommerce\/wp-json\/wp\/v2\/media?parent=2249"}],"wp:term":[{"taxonomy":"product_brand","embeddable":true,"href":"https:\/\/www.quattrus.com\/ecommerce\/wp-json\/wp\/v2\/product_brand?post=2249"},{"taxonomy":"product_cat","embeddable":true,"href":"https:\/\/www.quattrus.com\/ecommerce\/wp-json\/wp\/v2\/product_cat?post=2249"},{"taxonomy":"product_tag","embeddable":true,"href":"https:\/\/www.quattrus.com\/ecommerce\/wp-json\/wp\/v2\/product_tag?post=2249"}],"curies":[{"name":"wp","href":"https:\/\/api.w.org\/{rel}","templated":true}]}}