{"id":3552,"date":"2025-07-17T14:42:48","date_gmt":"2025-07-17T17:42:48","guid":{"rendered":"https:\/\/www.quattrus.com\/ecommerce\/?post_type=product&#038;p=3552"},"modified":"2025-12-09T19:40:11","modified_gmt":"2025-12-09T22:40:11","slug":"liderar-para-resultados-comunicacao-que-move-pessoas","status":"publish","type":"product","link":"https:\/\/www.quattrus.com\/ecommerce\/product\/liderar-para-resultados-comunicacao-que-move-pessoas\/","title":{"rendered":"Liderar para resultados: Comunica\u00e7\u00e3o que move pessoas"},"content":{"rendered":"<p><span style=\"font-weight: 400;\">Voc\u00ea pode ter a melhor estrat\u00e9gia, os indicadores mais precisos, as metas mais claras. Mas se a comunica\u00e7\u00e3o falha, os resultados desmoronam.<\/span><\/p>\n<p><span style=\"font-weight: 400;\">Neste curso exclusivo, criado especialmente para l\u00edderes e gestores, voc\u00ea vai descobrir como transformar a comunica\u00e7\u00e3o em uma ferramenta estrat\u00e9gica de lideran\u00e7a capaz de gerar alinhamento, engajamento e performance real.<\/span><\/p>\n<p><span style=\"font-weight: 400;\">Com experi\u00eancia renomada, Lenny Leone, jornalista, comunicadora e especialista em di\u00e1logos corporativos, produziu esta masterclass que une teoria e pr\u00e1tica para desenvolver compet\u00eancias essenciais como influ\u00eancia,\u00a0 reputa\u00e7\u00e3o, escuta ativa, clareza na fala e linguagem n\u00e3o verbal.<\/span><\/p>\n<p><span style=\"font-weight: 400;\">Aqui, voc\u00ea vai entender como ajustar sua comunica\u00e7\u00e3o \u00e0 cultura da sua organiza\u00e7\u00e3o, como evitar ru\u00eddos que custam caro, e como criar uma presen\u00e7a de lideran\u00e7a que inspira, orienta e entrega resultado.<\/span><\/p>\n<p><span style=\"font-weight: 400;\">Mais do que falar bem \u2014 \u00e9 sobre se fazer entender. E mover pessoas com prop\u00f3sito.<\/span><\/p>\n<p><span style=\"font-weight: 400;\">Este curso \u00e9 para quem lidera e quer transformar a comunica\u00e7\u00e3o em um diferencial competitivo. E para quem acredita que resultado n\u00e3o vem apenas do que se diz \u2014 mas de como se diz.<\/span><\/p>\n","protected":false},"excerpt":{"rendered":"<p><span style=\"font-weight: 400;\">Voc\u00ea pode ter a melhor estrat\u00e9gia, os indicadores mais precisos, as metas mais claras. Mas se a comunica\u00e7\u00e3o falha, os resultados desmoronam.<\/span><\/p>\n<p><span style=\"font-weight: 400;\">Neste curso exclusivo, criado especialmente para l\u00edderes e gestores, voc\u00ea vai descobrir como transformar a comunica\u00e7\u00e3o em uma ferramenta estrat\u00e9gica de lideran\u00e7a capaz de gerar alinhamento, engajamento e performance real.<\/span><\/p>\n","protected":false},"featured_media":3845,"template":"","meta":{"nf_dc_page":"","site-sidebar-layout":"default","site-content-layout":"","ast-site-content-layout":"default","site-content-style":"default","site-sidebar-style":"default","ast-global-header-display":"","ast-banner-title-visibility":"","ast-main-header-display":"","ast-hfb-above-header-display":"","ast-hfb-below-header-display":"","ast-hfb-mobile-header-display":"","site-post-title":"","ast-breadcrumbs-content":"","ast-featured-img":"","footer-sml-layout":"","ast-disable-related-posts":"","theme-transparent-header-meta":"default","adv-header-id-meta":"","stick-header-meta":"","header-above-stick-meta":"","header-main-stick-meta":"","header-below-stick-meta":"","astra-migrate-meta-layouts":"set","ast-page-background-enabled":"default","ast-page-background-meta":{"desktop":{"background-color":"var(--ast-global-color-4)","background-image":"","background-repeat":"repeat","background-position":"center center","background-size":"auto","background-attachment":"scroll","background-type":"","background-media":"","overlay-type":"","overlay-color":"","overlay-opacity":"","overlay-gradient":""},"tablet":{"background-color":"","background-image":"","background-repeat":"repeat","background-position":"center center","background-size":"auto","background-attachment":"scroll","background-type":"","background-media":"","overlay-type":"","overlay-color":"","overlay-opacity":"","overlay-gradient":""},"mobile":{"background-color":"","background-image":"","background-repeat":"repeat","background-position":"center center","background-size":"auto","background-attachment":"scroll","background-type":"","background-media":"","overlay-type":"","overlay-color":"","overlay-opacity":"","overlay-gradient":""}},"ast-content-background-meta":{"desktop":{"background-color":"var(--ast-global-color-5)","background-image":"","background-repeat":"repeat","background-position":"center center","background-size":"auto","background-attachment":"scroll","background-type":"","background-media":"","overlay-type":"","overlay-color":"","overlay-opacity":"","overlay-gradient":""},"tablet":{"background-color":"var(--ast-global-color-5)","background-image":"","background-repeat":"repeat","background-position":"center center","background-size":"auto","background-attachment":"scroll","background-type":"","background-media":"","overlay-type":"","overlay-color":"","overlay-opacity":"","overlay-gradient":""},"mobile":{"background-color":"var(--ast-global-color-5)","background-image":"","background-repeat":"repeat","background-position":"center center","background-size":"auto","background-attachment":"scroll","background-type":"","background-media":"","overlay-type":"","overlay-color":"","overlay-opacity":"","overlay-gradient":""}}},"product_brand":[],"product_cat":[44,48],"product_tag":[],"class_list":{"0":"post-3552","1":"product","2":"type-product","3":"status-publish","4":"has-post-thumbnail","6":"product_cat-cursos","7":"product_cat-parceiros","8":"desktop-align-left","9":"tablet-align-left","10":"mobile-align-left","12":"first","13":"instock","14":"virtual","15":"purchasable","16":"product-type-simple"},"_links":{"self":[{"href":"https:\/\/www.quattrus.com\/ecommerce\/wp-json\/wp\/v2\/product\/3552","targetHints":{"allow":["GET"]}}],"collection":[{"href":"https:\/\/www.quattrus.com\/ecommerce\/wp-json\/wp\/v2\/product"}],"about":[{"href":"https:\/\/www.quattrus.com\/ecommerce\/wp-json\/wp\/v2\/types\/product"}],"wp:featuredmedia":[{"embeddable":true,"href":"https:\/\/www.quattrus.com\/ecommerce\/wp-json\/wp\/v2\/media\/3845"}],"wp:attachment":[{"href":"https:\/\/www.quattrus.com\/ecommerce\/wp-json\/wp\/v2\/media?parent=3552"}],"wp:term":[{"taxonomy":"product_brand","embeddable":true,"href":"https:\/\/www.quattrus.com\/ecommerce\/wp-json\/wp\/v2\/product_brand?post=3552"},{"taxonomy":"product_cat","embeddable":true,"href":"https:\/\/www.quattrus.com\/ecommerce\/wp-json\/wp\/v2\/product_cat?post=3552"},{"taxonomy":"product_tag","embeddable":true,"href":"https:\/\/www.quattrus.com\/ecommerce\/wp-json\/wp\/v2\/product_tag?post=3552"}],"curies":[{"name":"wp","href":"https:\/\/api.w.org\/{rel}","templated":true}]}}